{"id":31,"date":"2026-03-02T09:10:05","date_gmt":"2026-03-02T08:10:05","guid":{"rendered":"https:\/\/site24.monsitecommeunpro.fr\/?page_id=31"},"modified":"2026-04-27T13:13:25","modified_gmt":"2026-04-27T11:13:25","slug":"nos-produits","status":"publish","type":"page","link":"https:\/\/site24.monsitecommeunpro.fr\/","title":{"rendered":"Fleurs \u00e9l\u00e9gantes et bouquets ros\u00e9s\ud83c\udf38"},"content":{"rendered":"\n<figure class=\"wp-block-gallery alignright has-nested-images columns-default is-cropped wp-block-gallery-1 is-layout-flex wp-block-gallery-is-layout-flex\">\n<figure class=\"wp-block-image alignfull size-large has-custom-border is-style-default\"><img loading=\"lazy\" decoding=\"async\" width=\"1024\" height=\"1024\" data-id=\"51\" src=\"https:\/\/site24.monsitecommeunpro.fr\/wp-content\/uploads\/2026\/03\/IMG_3571-1024x1024.jpg\" alt=\"fleurs\" class=\"wp-image-51\" style=\"border-style:none;border-width:0px;border-top-left-radius:71px;border-top-right-radius:71px;border-bottom-left-radius:71px;border-bottom-right-radius:71px\" srcset=\"https:\/\/site24.monsitecommeunpro.fr\/wp-content\/uploads\/2026\/03\/IMG_3571-1024x1024.jpg 1024w, https:\/\/site24.monsitecommeunpro.fr\/wp-content\/uploads\/2026\/03\/IMG_3571-300x300.jpg 300w, https:\/\/site24.monsitecommeunpro.fr\/wp-content\/uploads\/2026\/03\/IMG_3571-150x150.jpg 150w, https:\/\/site24.monsitecommeunpro.fr\/wp-content\/uploads\/2026\/03\/IMG_3571-768x768.jpg 768w, https:\/\/site24.monsitecommeunpro.fr\/wp-content\/uploads\/2026\/03\/IMG_3571.jpg 1080w\" sizes=\"auto, (max-width: 1024px) 100vw, 1024px\" \/><\/figure>\n<\/figure>\n\n\n\n<figure class=\"wp-block-image alignleft size-large is-resized has-custom-border wp-duotone-unset-2\" style=\"margin-right:var(--wp--preset--spacing--70);margin-left:var(--wp--preset--spacing--70)\"><img loading=\"lazy\" decoding=\"async\" width=\"768\" height=\"1024\" src=\"https:\/\/site24.monsitecommeunpro.fr\/wp-content\/uploads\/2026\/03\/IMG_3566-2-768x1024.jpg\" alt=\"fleurs\" class=\"wp-image-50\" style=\"border-style:none;border-width:0px;border-top-left-radius:100px;border-top-right-radius:100px;border-bottom-left-radius:100px;border-bottom-right-radius:100px;width:295px\" srcset=\"https:\/\/site24.monsitecommeunpro.fr\/wp-content\/uploads\/2026\/03\/IMG_3566-2-768x1023.jpg 768w, https:\/\/site24.monsitecommeunpro.fr\/wp-content\/uploads\/2026\/03\/IMG_3566-2-225x300.jpg 225w, https:\/\/site24.monsitecommeunpro.fr\/wp-content\/uploads\/2026\/03\/IMG_3566-2-1153x1536.jpg 1153w, https:\/\/site24.monsitecommeunpro.fr\/wp-content\/uploads\/2026\/03\/IMG_3566-2.jpg 1179w\" sizes=\"auto, (max-width: 768px) 100vw, 768px\" \/><\/figure>\n\n\n\n<div class=\"wp-block-buttons alignfull is-content-justification-center is-layout-flex wp-container-core-buttons-is-layout-1fb448e7 wp-block-buttons-is-layout-flex\">\n<div class=\"wp-block-button\"><a class=\"wp-block-button__link has-ast-global-color-1-background-color has-background wp-element-button\" href=\"https:\/\/fr.pinterest.com\/callistaphans\/floral\/\">Projets r\u00e9alis\u00e9 <\/a><\/div>\n<\/div>\n\n\n\n<p class=\"has-ast-global-color-3-color has-text-color has-link-color has-medium-font-size wp-elements-84f76cdb87b1e8cbc27bdb548b5e54d0\">Chez\u00a0Floral, chaque bouquet de fleur est une cr\u00e9ation pens\u00e9e pour transmettre une \u00e9motion. Dans un univers doux et romantique des fleurs aux nuances de rose, nous r\u00e9alisons des compositions \u00e9l\u00e9gantes m\u00ealant roses, lys, pivoines et fleurs d\u00e9licates.<\/p>\n\n\n\n<p class=\"has-ast-global-color-3-color has-text-color has-link-color has-medium-font-size wp-elements-672b0696e590a93193b101763e03730a\">Que ce soit pour offrir, c\u00e9l\u00e9brer un moment sp\u00e9cial ou simplement apporter une touche de beaut\u00e9 \u00e0 votre quotidien, nos bouquets de fleur sont con\u00e7us pour \u00e9merveiller et faire plaisir.<\/p>\n\n\n\n<p>Pour tous renseignements <\/p>\n\n\n\n<div class=\"wp-block-buttons has-custom-font-size has-medium-font-size is-horizontal is-content-justification-left is-layout-flex wp-container-core-buttons-is-layout-2fe7dab8 wp-block-buttons-is-layout-flex\" style=\"padding-top:0;padding-bottom:0\">\n<div class=\"wp-block-button\"><a class=\"wp-block-button__link has-ast-global-color-3-color has-ast-global-color-1-background-color has-text-color has-background has-link-color wp-element-button\" href=\"https:\/\/site24.monsitecommeunpro.fr\/?page_id=34\">cliquez ici<\/a><\/div>\n<\/div>\n\n\n\n<p class=\"has-ast-global-color-3-color has-text-color has-link-color wp-elements-dd7b6e6623480e52307c636a59d07286\"><\/p>\n\n\n\n<p><\/p>\n","protected":false},"excerpt":{"rendered":"<p>Chez\u00a0Floral, chaque bouquet de fleur est une cr\u00e9ation pens\u00e9e pour transmettre une \u00e9motion. Dans un univers doux et romantique des [&hellip;]<\/p>\n","protected":false},"author":1,"featured_media":0,"parent":0,"menu_order":0,"comment_status":"closed","ping_status":"closed","template":"","meta":{"site-sidebar-layout":"default","site-content-layout":"","ast-site-content-layout":"default","site-content-style":"default","site-sidebar-style":"default","ast-global-header-display":"","ast-banner-title-visibility":"","ast-main-header-display":"","ast-hfb-above-header-display":"","ast-hfb-below-header-display":"","ast-hfb-mobile-header-display":"","site-post-title":"","ast-breadcrumbs-content":"","ast-featured-img":"","footer-sml-layout":"","theme-transparent-header-meta":"","adv-header-id-meta":"","stick-header-meta":"","header-above-stick-meta":"","header-main-stick-meta":"","header-below-stick-meta":"","astra-migrate-meta-layouts":"default","ast-page-background-enabled":"default","ast-page-background-meta":{"desktop":{"background-color":"var(--ast-global-color-5)","background-image":"","background-repeat":"repeat","background-position":"center center","background-size":"auto","background-attachment":"scroll","background-type":"","background-media":"","overlay-type":"","overlay-color":"","overlay-opacity":"","overlay-gradient":""},"tablet":{"background-color":"","background-image":"","background-repeat":"repeat","background-position":"center center","background-size":"auto","background-attachment":"scroll","background-type":"","background-media":"","overlay-type":"","overlay-color":"","overlay-opacity":"","overlay-gradient":""},"mobile":{"background-color":"","background-image":"","background-repeat":"repeat","background-position":"center center","background-size":"auto","background-attachment":"scroll","background-type":"","background-media":"","overlay-type":"","overlay-color":"","overlay-opacity":"","overlay-gradient":""}},"ast-content-background-meta":{"desktop":{"background-color":"var(--ast-global-color-4)","background-image":"","background-repeat":"repeat","background-position":"center center","background-size":"auto","background-attachment":"scroll","background-type":"","background-media":"","overlay-type":"","overlay-color":"","overlay-opacity":"","overlay-gradient":""},"tablet":{"background-color":"var(--ast-global-color-4)","background-image":"","background-repeat":"repeat","background-position":"center center","background-size":"auto","background-attachment":"scroll","background-type":"","background-media":"","overlay-type":"","overlay-color":"","overlay-opacity":"","overlay-gradient":""},"mobile":{"background-color":"var(--ast-global-color-4)","background-image":"","background-repeat":"repeat","background-position":"center center","background-size":"auto","background-attachment":"scroll","background-type":"","background-media":"","overlay-type":"","overlay-color":"","overlay-opacity":"","overlay-gradient":""}},"footnotes":""},"class_list":["post-31","page","type-page","status-publish","hentry"],"yoast_head":"<!-- This site is optimized with the Yoast SEO plugin v27.0 - https:\/\/yoast.com\/product\/yoast-seo-wordpress\/ -->\n<title>Fleurs \u00e9l\u00e9gantes et bouquets ros\u00e9s\ud83c\udf38 - Floral<\/title>\n<meta name=\"description\" content=\"Fleurs \u00e9l\u00e9gantes et bouquets romantiques sign\u00e9s Floral, compositions uniques m\u00ealant roses, lys et pivoines pour sublimer chaque moment.\" \/>\n<meta name=\"robots\" content=\"index, follow, max-snippet:-1, max-image-preview:large, max-video-preview:-1\" \/>\n<link rel=\"canonical\" href=\"https:\/\/site24.monsitecommeunpro.fr\/\" \/>\n<meta property=\"og:locale\" content=\"fr_FR\" \/>\n<meta property=\"og:type\" content=\"article\" \/>\n<meta property=\"og:title\" content=\"Fleurs \u00e9l\u00e9gantes et bouquets ros\u00e9s\ud83c\udf38 - Floral\" \/>\n<meta property=\"og:description\" content=\"Fleurs \u00e9l\u00e9gantes et bouquets romantiques sign\u00e9s Floral, compositions uniques m\u00ealant roses, lys et pivoines pour sublimer chaque moment.\" \/>\n<meta property=\"og:url\" content=\"https:\/\/site24.monsitecommeunpro.fr\/\" \/>\n<meta property=\"og:site_name\" content=\"Floral\" \/>\n<meta property=\"article:modified_time\" content=\"2026-04-27T11:13:25+00:00\" \/>\n<meta property=\"og:image\" content=\"https:\/\/site24.monsitecommeunpro.fr\/wp-content\/uploads\/2026\/03\/IMG_3571.jpg\" \/>\n\t<meta property=\"og:image:width\" content=\"1080\" \/>\n\t<meta property=\"og:image:height\" content=\"1080\" \/>\n\t<meta property=\"og:image:type\" content=\"image\/jpeg\" \/>\n<meta name=\"twitter:card\" content=\"summary_large_image\" \/>\n<meta name=\"twitter:label1\" content=\"Dur\u00e9e de lecture estim\u00e9e\" \/>\n\t<meta name=\"twitter:data1\" content=\"1 minute\" \/>\n<script type=\"application\/ld+json\" class=\"yoast-schema-graph\">{\"@context\":\"https:\/\/schema.org\",\"@graph\":[{\"@type\":\"WebPage\",\"@id\":\"https:\/\/site24.monsitecommeunpro.fr\/\",\"url\":\"https:\/\/site24.monsitecommeunpro.fr\/\",\"name\":\"Fleurs \u00e9l\u00e9gantes et bouquets ros\u00e9s\ud83c\udf38 - Floral\",\"isPartOf\":{\"@id\":\"https:\/\/site24.monsitecommeunpro.fr\/#website\"},\"primaryImageOfPage\":{\"@id\":\"https:\/\/site24.monsitecommeunpro.fr\/#primaryimage\"},\"image\":{\"@id\":\"https:\/\/site24.monsitecommeunpro.fr\/#primaryimage\"},\"thumbnailUrl\":\"https:\/\/site24.monsitecommeunpro.fr\/wp-content\/uploads\/2026\/03\/IMG_3571-1024x1024.jpg\",\"datePublished\":\"2026-03-02T08:10:05+00:00\",\"dateModified\":\"2026-04-27T11:13:25+00:00\",\"description\":\"Fleurs \u00e9l\u00e9gantes et bouquets romantiques sign\u00e9s Floral, compositions uniques m\u00ealant roses, lys et pivoines pour sublimer chaque moment.\",\"breadcrumb\":{\"@id\":\"https:\/\/site24.monsitecommeunpro.fr\/#breadcrumb\"},\"inLanguage\":\"fr-FR\",\"potentialAction\":[{\"@type\":\"ReadAction\",\"target\":[\"https:\/\/site24.monsitecommeunpro.fr\/\"]}]},{\"@type\":\"ImageObject\",\"inLanguage\":\"fr-FR\",\"@id\":\"https:\/\/site24.monsitecommeunpro.fr\/#primaryimage\",\"url\":\"https:\/\/site24.monsitecommeunpro.fr\/wp-content\/uploads\/2026\/03\/IMG_3571.jpg\",\"contentUrl\":\"https:\/\/site24.monsitecommeunpro.fr\/wp-content\/uploads\/2026\/03\/IMG_3571.jpg\",\"width\":1080,\"height\":1080},{\"@type\":\"BreadcrumbList\",\"@id\":\"https:\/\/site24.monsitecommeunpro.fr\/#breadcrumb\",\"itemListElement\":[{\"@type\":\"ListItem\",\"position\":1,\"name\":\"Accueil\",\"item\":\"https:\/\/site24.monsitecommeunpro.fr\/\"},{\"@type\":\"ListItem\",\"position\":2,\"name\":\"Fleurs \u00e9l\u00e9gantes et bouquets ros\u00e9s\ud83c\udf38\"}]},{\"@type\":\"WebSite\",\"@id\":\"https:\/\/site24.monsitecommeunpro.fr\/#website\",\"url\":\"https:\/\/site24.monsitecommeunpro.fr\/\",\"name\":\"Floral\",\"description\":\"L\u2019excellence florale \u00e0 chaque p\u00e9tale\",\"publisher\":{\"@id\":\"https:\/\/site24.monsitecommeunpro.fr\/#organization\"},\"potentialAction\":[{\"@type\":\"SearchAction\",\"target\":{\"@type\":\"EntryPoint\",\"urlTemplate\":\"https:\/\/site24.monsitecommeunpro.fr\/?s={search_term_string}\"},\"query-input\":{\"@type\":\"PropertyValueSpecification\",\"valueRequired\":true,\"valueName\":\"search_term_string\"}}],\"inLanguage\":\"fr-FR\"},{\"@type\":\"Organization\",\"@id\":\"https:\/\/site24.monsitecommeunpro.fr\/#organization\",\"name\":\"Floral\",\"url\":\"https:\/\/site24.monsitecommeunpro.fr\/\",\"logo\":{\"@type\":\"ImageObject\",\"inLanguage\":\"fr-FR\",\"@id\":\"https:\/\/site24.monsitecommeunpro.fr\/#\/schema\/logo\/image\/\",\"url\":\"https:\/\/site24.monsitecommeunpro.fr\/wp-content\/uploads\/2026\/03\/cropped-Image-2.jpeg\",\"contentUrl\":\"https:\/\/site24.monsitecommeunpro.fr\/wp-content\/uploads\/2026\/03\/cropped-Image-2.jpeg\",\"width\":739,\"height\":739,\"caption\":\"Floral\"},\"image\":{\"@id\":\"https:\/\/site24.monsitecommeunpro.fr\/#\/schema\/logo\/image\/\"}}]}<\/script>\n<!-- \/ Yoast SEO plugin. -->","yoast_head_json":{"title":"Fleurs \u00e9l\u00e9gantes et bouquets ros\u00e9s\ud83c\udf38 - Floral","description":"Fleurs \u00e9l\u00e9gantes et bouquets romantiques sign\u00e9s Floral, compositions uniques m\u00ealant roses, lys et pivoines pour sublimer chaque moment.","robots":{"index":"index","follow":"follow","max-snippet":"max-snippet:-1","max-image-preview":"max-image-preview:large","max-video-preview":"max-video-preview:-1"},"canonical":"https:\/\/site24.monsitecommeunpro.fr\/","og_locale":"fr_FR","og_type":"article","og_title":"Fleurs \u00e9l\u00e9gantes et bouquets ros\u00e9s\ud83c\udf38 - Floral","og_description":"Fleurs \u00e9l\u00e9gantes et bouquets romantiques sign\u00e9s Floral, compositions uniques m\u00ealant roses, lys et pivoines pour sublimer chaque moment.","og_url":"https:\/\/site24.monsitecommeunpro.fr\/","og_site_name":"Floral","article_modified_time":"2026-04-27T11:13:25+00:00","og_image":[{"width":1080,"height":1080,"url":"https:\/\/site24.monsitecommeunpro.fr\/wp-content\/uploads\/2026\/03\/IMG_3571.jpg","type":"image\/jpeg"}],"twitter_card":"summary_large_image","twitter_misc":{"Dur\u00e9e de lecture estim\u00e9e":"1 minute"},"schema":{"@context":"https:\/\/schema.org","@graph":[{"@type":"WebPage","@id":"https:\/\/site24.monsitecommeunpro.fr\/","url":"https:\/\/site24.monsitecommeunpro.fr\/","name":"Fleurs \u00e9l\u00e9gantes et bouquets ros\u00e9s\ud83c\udf38 - Floral","isPartOf":{"@id":"https:\/\/site24.monsitecommeunpro.fr\/#website"},"primaryImageOfPage":{"@id":"https:\/\/site24.monsitecommeunpro.fr\/#primaryimage"},"image":{"@id":"https:\/\/site24.monsitecommeunpro.fr\/#primaryimage"},"thumbnailUrl":"https:\/\/site24.monsitecommeunpro.fr\/wp-content\/uploads\/2026\/03\/IMG_3571-1024x1024.jpg","datePublished":"2026-03-02T08:10:05+00:00","dateModified":"2026-04-27T11:13:25+00:00","description":"Fleurs \u00e9l\u00e9gantes et bouquets romantiques sign\u00e9s Floral, compositions uniques m\u00ealant roses, lys et pivoines pour sublimer chaque moment.","breadcrumb":{"@id":"https:\/\/site24.monsitecommeunpro.fr\/#breadcrumb"},"inLanguage":"fr-FR","potentialAction":[{"@type":"ReadAction","target":["https:\/\/site24.monsitecommeunpro.fr\/"]}]},{"@type":"ImageObject","inLanguage":"fr-FR","@id":"https:\/\/site24.monsitecommeunpro.fr\/#primaryimage","url":"https:\/\/site24.monsitecommeunpro.fr\/wp-content\/uploads\/2026\/03\/IMG_3571.jpg","contentUrl":"https:\/\/site24.monsitecommeunpro.fr\/wp-content\/uploads\/2026\/03\/IMG_3571.jpg","width":1080,"height":1080},{"@type":"BreadcrumbList","@id":"https:\/\/site24.monsitecommeunpro.fr\/#breadcrumb","itemListElement":[{"@type":"ListItem","position":1,"name":"Accueil","item":"https:\/\/site24.monsitecommeunpro.fr\/"},{"@type":"ListItem","position":2,"name":"Fleurs \u00e9l\u00e9gantes et bouquets ros\u00e9s\ud83c\udf38"}]},{"@type":"WebSite","@id":"https:\/\/site24.monsitecommeunpro.fr\/#website","url":"https:\/\/site24.monsitecommeunpro.fr\/","name":"Floral","description":"L\u2019excellence florale \u00e0 chaque p\u00e9tale","publisher":{"@id":"https:\/\/site24.monsitecommeunpro.fr\/#organization"},"potentialAction":[{"@type":"SearchAction","target":{"@type":"EntryPoint","urlTemplate":"https:\/\/site24.monsitecommeunpro.fr\/?s={search_term_string}"},"query-input":{"@type":"PropertyValueSpecification","valueRequired":true,"valueName":"search_term_string"}}],"inLanguage":"fr-FR"},{"@type":"Organization","@id":"https:\/\/site24.monsitecommeunpro.fr\/#organization","name":"Floral","url":"https:\/\/site24.monsitecommeunpro.fr\/","logo":{"@type":"ImageObject","inLanguage":"fr-FR","@id":"https:\/\/site24.monsitecommeunpro.fr\/#\/schema\/logo\/image\/","url":"https:\/\/site24.monsitecommeunpro.fr\/wp-content\/uploads\/2026\/03\/cropped-Image-2.jpeg","contentUrl":"https:\/\/site24.monsitecommeunpro.fr\/wp-content\/uploads\/2026\/03\/cropped-Image-2.jpeg","width":739,"height":739,"caption":"Floral"},"image":{"@id":"https:\/\/site24.monsitecommeunpro.fr\/#\/schema\/logo\/image\/"}}]}},"_links":{"self":[{"href":"https:\/\/site24.monsitecommeunpro.fr\/index.php?rest_route=\/wp\/v2\/pages\/31","targetHints":{"allow":["GET"]}}],"collection":[{"href":"https:\/\/site24.monsitecommeunpro.fr\/index.php?rest_route=\/wp\/v2\/pages"}],"about":[{"href":"https:\/\/site24.monsitecommeunpro.fr\/index.php?rest_route=\/wp\/v2\/types\/page"}],"author":[{"embeddable":true,"href":"https:\/\/site24.monsitecommeunpro.fr\/index.php?rest_route=\/wp\/v2\/users\/1"}],"replies":[{"embeddable":true,"href":"https:\/\/site24.monsitecommeunpro.fr\/index.php?rest_route=%2Fwp%2Fv2%2Fcomments&post=31"}],"version-history":[{"count":19,"href":"https:\/\/site24.monsitecommeunpro.fr\/index.php?rest_route=\/wp\/v2\/pages\/31\/revisions"}],"predecessor-version":[{"id":142,"href":"https:\/\/site24.monsitecommeunpro.fr\/index.php?rest_route=\/wp\/v2\/pages\/31\/revisions\/142"}],"wp:attachment":[{"href":"https:\/\/site24.monsitecommeunpro.fr\/index.php?rest_route=%2Fwp%2Fv2%2Fmedia&parent=31"}],"curies":[{"name":"wp","href":"https:\/\/api.w.org\/{rel}","templated":true}]}}